{"id":3676,"date":"2023-03-24T06:55:22","date_gmt":"2023-03-24T06:55:22","guid":{"rendered":"https:\/\/hotelravnjak.com\/contact\/"},"modified":"2025-11-02T16:44:43","modified_gmt":"2025-11-02T16:44:43","slug":"contact","status":"publish","type":"page","link":"https:\/\/hotelravnjak.com\/fr\/contact\/","title":{"rendered":"Contact"},"content":{"rendered":"\t\t<div data-elementor-type=\"wp-page\" data-elementor-id=\"3676\" class=\"elementor elementor-3676 elementor-75\">\n\t\t\t\t\t\t<section class=\"elementor-section elementor-top-section elementor-element elementor-element-29247c7 elementor-section-full_width elementor-section-height-default elementor-section-height-default\" data-id=\"29247c7\" data-element_type=\"section\">\n\t\t\t\t\t\t<div class=\"elementor-container elementor-column-gap-no\">\n\t\t\t\t\t<div class=\"elementor-column elementor-col-100 elementor-top-column elementor-element elementor-element-a77be81\" data-id=\"a77be81\" data-element_type=\"column\">\n\t\t\t<div class=\"elementor-widget-wrap\">\n\t\t\t\t\t\t\t<\/div>\n\t\t<\/div>\n\t\t\t\t\t<\/div>\n\t\t<\/section>\n\t\t\t\t<section class=\"elementor-section elementor-top-section elementor-element elementor-element-44764146 elementor-section-full_width elementor-section-height-default elementor-section-height-default\" data-id=\"44764146\" data-element_type=\"section\" data-settings=\"{&quot;background_background&quot;:&quot;classic&quot;}\">\n\t\t\t\t\t\t<div class=\"elementor-container elementor-column-gap-no\">\n\t\t\t\t\t<div class=\"elementor-column elementor-col-50 elementor-top-column elementor-element elementor-element-43c4a1ad\" data-id=\"43c4a1ad\" data-element_type=\"column\" data-settings=\"{&quot;background_background&quot;:&quot;classic&quot;}\">\n\t\t\t<div class=\"elementor-widget-wrap elementor-element-populated\">\n\t\t\t\t\t\t<div class=\"elementor-element elementor-element-2445f4fc elementor-widget elementor-widget-spacer\" data-id=\"2445f4fc\" data-element_type=\"widget\" data-widget_type=\"spacer.default\">\n\t\t\t\t<div class=\"elementor-widget-container\">\n\t\t\t\t\t\t\t<div class=\"elementor-spacer\">\n\t\t\t<div class=\"elementor-spacer-inner\"><\/div>\n\t\t<\/div>\n\t\t\t\t\t\t<\/div>\n\t\t\t\t<\/div>\n\t\t\t\t\t<\/div>\n\t\t<\/div>\n\t\t\t\t<div class=\"elementor-column elementor-col-50 elementor-top-column elementor-element elementor-element-4c1eb2f5\" data-id=\"4c1eb2f5\" data-element_type=\"column\" data-settings=\"{&quot;background_background&quot;:&quot;classic&quot;}\">\n\t\t\t<div class=\"elementor-widget-wrap elementor-element-populated\">\n\t\t\t\t\t\t<div class=\"elementor-element elementor-element-36722586 elementor-widget elementor-widget-cs_title\" data-id=\"36722586\" data-element_type=\"widget\" data-widget_type=\"cs_title.default\">\n\t\t\t\t<div class=\"elementor-widget-container\">\n\t\t\t\t\t\n        <div class=\"cs-title-wrap\">\t            <h6 class=\"cs-title\">\n\t                Coordonn\u00e9es\t            <\/h6>        <\/div>\t\t\t\t<\/div>\n\t\t\t\t<\/div>\n\t\t\t\t<div class=\"elementor-element elementor-element-781b88fa elementor-widget elementor-widget-cs_list\" data-id=\"781b88fa\" data-element_type=\"widget\" data-widget_type=\"cs_list.default\">\n\t\t\t\t<div class=\"elementor-widget-container\">\n\t\t\t\t\t\n            <ul class=\"cs-list cs-list-type-none with-border\">                <li>                    <span class=\"list-content\">Adresse : P4, bistrica, Mont\u00e9n\u00e9gro<\/span>                <\/li>                <li>                    <span class=\"list-content\">Num\u00e9ro de t\u00e9l\u00e9phone : +382 67 244 417<\/span>                        <a class=\"list-link\" href=\"tel:+31651830418\" aria-label=\"List Item Link\"><\/a>                <\/li>                <li>                    <span class=\"list-content\">E-mail : info@hotelravnjak.com<\/span>                        <a class=\"list-link\" href=\"mailto:info@ravnjak-hotel.com\" aria-label=\"List Item Link\"><\/a>                <\/li>            <\/ul>\t\t\t\t<\/div>\n\t\t\t\t<\/div>\n\t\t\t\t<div class=\"elementor-element elementor-element-798ea157 elementor-widget elementor-widget-cs_form_cf7\" data-id=\"798ea157\" data-element_type=\"widget\" data-widget_type=\"cs_form_cf7.default\">\n\t\t\t\t<div class=\"elementor-widget-container\">\n\t\t\t\t\t            <div class=\"cs-form-cf7 placeholder-normal\">\n                <div class=\"cs-form-cf7-wrap\">\n<div class=\"wpcf7 no-js\" id=\"wpcf7-f3901-o1\" lang=\"fr-FR\" dir=\"ltr\" data-wpcf7-id=\"3901\">\n<div class=\"screen-reader-response\"><p role=\"status\" aria-live=\"polite\" aria-atomic=\"true\"><\/p> <ul><\/ul><\/div>\n<form action=\"\/fr\/wp-json\/wp\/v2\/pages\/3676#wpcf7-f3901-o1\" method=\"post\" class=\"wpcf7-form init\" aria-label=\"Formulaire de contact\" novalidate=\"novalidate\" data-status=\"init\">\n<fieldset class=\"hidden-fields-container\"><input type=\"hidden\" name=\"_wpcf7\" value=\"3901\" \/><input type=\"hidden\" name=\"_wpcf7_version\" value=\"6.1.5\" \/><input type=\"hidden\" name=\"_wpcf7_locale\" value=\"fr_FR\" \/><input type=\"hidden\" name=\"_wpcf7_unit_tag\" value=\"wpcf7-f3901-o1\" \/><input type=\"hidden\" name=\"_wpcf7_container_post\" value=\"0\" \/><input type=\"hidden\" name=\"_wpcf7_posted_data_hash\" value=\"\" \/>\n<\/fieldset>\n<p><label> Votre nom<br \/>\n<span class=\"wpcf7-form-control-wrap\" data-name=\"your-name\"><input size=\"40\" maxlength=\"400\" class=\"wpcf7-form-control wpcf7-text wpcf7-validates-as-required\" autocomplete=\"name\" aria-required=\"true\" aria-invalid=\"false\" value=\"\" type=\"text\" name=\"your-name\" \/><\/span> <\/label>\n<\/p>\n<p><label> Votre adresse e-mail<br \/>\n<span class=\"wpcf7-form-control-wrap\" data-name=\"your-email\"><input size=\"40\" maxlength=\"400\" class=\"wpcf7-form-control wpcf7-email wpcf7-validates-as-required wpcf7-text wpcf7-validates-as-email\" autocomplete=\"email\" aria-required=\"true\" aria-invalid=\"false\" value=\"\" type=\"email\" name=\"your-email\" \/><\/span> <\/label>\n<\/p>\n<p><label> Objet<br \/>\n<span class=\"wpcf7-form-control-wrap\" data-name=\"your-subject\"><input size=\"40\" maxlength=\"400\" class=\"wpcf7-form-control wpcf7-text wpcf7-validates-as-required\" aria-required=\"true\" aria-invalid=\"false\" value=\"\" type=\"text\" name=\"your-subject\" \/><\/span> <\/label>\n<\/p>\n<p><label> Votre message<br \/>\n<span class=\"wpcf7-form-control-wrap\" data-name=\"your-message\"><textarea cols=\"40\" rows=\"10\" maxlength=\"2000\" class=\"wpcf7-form-control wpcf7-textarea\" aria-invalid=\"false\" name=\"your-message\"><\/textarea><\/span> <\/label>\n<\/p>\n<p><input class=\"wpcf7-form-control wpcf7-submit has-spinner\" type=\"submit\" value=\"Envoyer\" \/>\n<\/p><div class=\"wpcf7-response-output\" aria-hidden=\"true\"><\/div>\n<\/form>\n<\/div>\n<\/div>\n            <\/div>\t\t\t\t<\/div>\n\t\t\t\t<\/div>\n\t\t\t\t\t<\/div>\n\t\t<\/div>\n\t\t\t\t\t<\/div>\n\t\t<\/section>\n\t\t<div class=\"elementor-element elementor-element-0e4cfbe e-con-full e-flex e-con e-parent\" data-id=\"0e4cfbe\" data-element_type=\"container\">\n\t\t\t\t<div class=\"elementor-element elementor-element-53a8a12 elementor-widget elementor-widget-html\" data-id=\"53a8a12\" data-element_type=\"widget\" data-widget_type=\"html.default\">\n\t\t\t\t<div class=\"elementor-widget-container\">\n\t\t\t\t\t<iframe src=\"https:\/\/www.google.com\/maps\/embed?pb=!1m18!1m12!1m3!1d3051.463308595478!2d19.411738099999997!3d42.98963599999999!2m3!1f0!2f0!3f0!3m2!1i1024!2i768!4f16!3m3!1m2!1s0x134d67b2e5c9c6ab%3A0xc0c0dfd7129f82c2!2sXCQ6%2BVM5%2C%20P4%2C%20Bistrica%2C%20Montenegro!5e1!3m2!1sen!2sza!4v1747689705374!5m2!1sen!2sza\" width=\"100%\" height=\"450\" style=\"border:0;\" allowfullscreen=\"\" loading=\"lazy\" referrerpolicy=\"no-referrer-when-downgrade\">\n<\/iframe>\n\t\t\t\t<\/div>\n\t\t\t\t<\/div>\n\t\t\t\t<\/div>\n\t\t\t\t<\/div>\n\t\t","protected":false},"excerpt":{"rendered":"<p>Coordonn\u00e9es Adresse : P4, bistrica, Mont\u00e9n\u00e9gro Num\u00e9ro de t\u00e9l\u00e9phone : +382 67 244 417 E-mail : info@hotelravnjak.com Your name Your email Subject Your message<\/p>\n","protected":false},"author":1,"featured_media":0,"parent":0,"menu_order":0,"comment_status":"closed","ping_status":"closed","template":"template-wide-content.php","meta":{"cozystay_single_page_hide_site_header":"","cozystay_single_page_site_header_source":"","cozystay_single_page_custom_site_header":"0","cozystay_single_page_custom_sticky_site_header":"0","cozystay_single_page_hide_page_title":"on","cozystay_single_page_header_section_size":"","cozystay_single_page_header_background_color":"","cozystay_single_page_header_background_position_x":"center","cozystay_single_page_header_background_position_y":"center","cozystay_single_page_header_background_size":"cover","cozystay_single_page_header_background_repeat":"off","cozystay_single_page_header_background_scroll":"on","cozystay_single_page_header_text_color":"","cozystay_single_page_header_show_breadcrumb":"","cozystay_single_page_site_footer_hide_main":"","cozystay_single_custom_site_footer_main_source":"","cozystay_single_custom_site_footer_main":"0","cozystay_single_page_site_footer_hide_above":"","cozystay_single_custom_site_footer_above_source":"","cozystay_single_custom_site_footer_above":"0","cozystay_single_page_site_footer_hide_instagram":"","cozystay_single_page_site_footer_hide_bottom":"","cozystay_single_custom_mobile_menu_source":"","cozystay_single_custom_mobile_menu":"0","cozystay_single_custom_mobile_menu_animation":"","cozystay_single_custom_mobile_menu_width":"","cozystay_single_custom_mobile_menu_custom_width":375,"footnotes":""},"class_list":["post-3676","page","type-page","status-publish","hentry"],"yoast_head":"<!-- This site is optimized with the Yoast SEO plugin v27.4 - https:\/\/yoast.com\/product\/yoast-seo-wordpress\/ -->\n<title>Contact - Hotel Ravnjak<\/title>\n<meta name=\"robots\" content=\"index, follow, max-snippet:-1, max-image-preview:large, max-video-preview:-1\" \/>\n<link rel=\"canonical\" href=\"https:\/\/hotelravnjak.com\/fr\/contact\/\" \/>\n<meta property=\"og:locale\" content=\"fr_FR\" \/>\n<meta property=\"og:type\" content=\"article\" \/>\n<meta property=\"og:title\" content=\"Contact - Hotel Ravnjak\" \/>\n<meta property=\"og:description\" content=\"Coordonn\u00e9es Adresse : P4, bistrica, Mont\u00e9n\u00e9gro Num\u00e9ro de t\u00e9l\u00e9phone : +382 67 244 417 E-mail : info@hotelravnjak.com Your name Your email Subject Your message\" \/>\n<meta property=\"og:url\" content=\"https:\/\/hotelravnjak.com\/fr\/contact\/\" \/>\n<meta property=\"og:site_name\" content=\"Hotel Ravnjak\" \/>\n<meta property=\"article:publisher\" content=\"https:\/\/www.facebook.com\/hotelravnjak\" \/>\n<meta property=\"article:modified_time\" content=\"2025-11-02T16:44:43+00:00\" \/>\n<meta name=\"twitter:card\" content=\"summary_large_image\" \/>\n<meta name=\"twitter:label1\" content=\"Dur\u00e9e de lecture estim\u00e9e\" \/>\n\t<meta name=\"twitter:data1\" content=\"1 minute\" \/>\n<script type=\"application\/ld+json\" class=\"yoast-schema-graph\">{\"@context\":\"https:\\\/\\\/schema.org\",\"@graph\":[{\"@type\":\"WebPage\",\"@id\":\"https:\\\/\\\/hotelravnjak.com\\\/fr\\\/contact\\\/\",\"url\":\"https:\\\/\\\/hotelravnjak.com\\\/fr\\\/contact\\\/\",\"name\":\"Contact - Hotel Ravnjak\",\"isPartOf\":{\"@id\":\"https:\\\/\\\/hotelravnjak.com\\\/fr\\\/#website\"},\"datePublished\":\"2023-03-24T06:55:22+00:00\",\"dateModified\":\"2025-11-02T16:44:43+00:00\",\"breadcrumb\":{\"@id\":\"https:\\\/\\\/hotelravnjak.com\\\/fr\\\/contact\\\/#breadcrumb\"},\"inLanguage\":\"fr-FR\",\"potentialAction\":[{\"@type\":\"ReadAction\",\"target\":[\"https:\\\/\\\/hotelravnjak.com\\\/fr\\\/contact\\\/\"]}]},{\"@type\":\"BreadcrumbList\",\"@id\":\"https:\\\/\\\/hotelravnjak.com\\\/fr\\\/contact\\\/#breadcrumb\",\"itemListElement\":[{\"@type\":\"ListItem\",\"position\":1,\"name\":\"Home\",\"item\":\"https:\\\/\\\/hotelravnjak.com\\\/fr\\\/\"},{\"@type\":\"ListItem\",\"position\":2,\"name\":\"Contact\"}]},{\"@type\":\"WebSite\",\"@id\":\"https:\\\/\\\/hotelravnjak.com\\\/fr\\\/#website\",\"url\":\"https:\\\/\\\/hotelravnjak.com\\\/fr\\\/\",\"name\":\"Hotel Ravnjak\",\"description\":\"A Mountain Retreat Like No Other\",\"publisher\":{\"@id\":\"https:\\\/\\\/hotelravnjak.com\\\/fr\\\/#organization\"},\"potentialAction\":[{\"@type\":\"SearchAction\",\"target\":{\"@type\":\"EntryPoint\",\"urlTemplate\":\"https:\\\/\\\/hotelravnjak.com\\\/fr\\\/?s={search_term_string}\"},\"query-input\":{\"@type\":\"PropertyValueSpecification\",\"valueRequired\":true,\"valueName\":\"search_term_string\"}}],\"inLanguage\":\"fr-FR\"},{\"@type\":\"Organization\",\"@id\":\"https:\\\/\\\/hotelravnjak.com\\\/fr\\\/#organization\",\"name\":\"Hotel Ravnjak\",\"url\":\"https:\\\/\\\/hotelravnjak.com\\\/fr\\\/\",\"logo\":{\"@type\":\"ImageObject\",\"inLanguage\":\"fr-FR\",\"@id\":\"https:\\\/\\\/hotelravnjak.com\\\/fr\\\/#\\\/schema\\\/logo\\\/image\\\/\",\"url\":\"https:\\\/\\\/hotelravnjak.com\\\/wp-content\\\/uploads\\\/2025\\\/05\\\/cropped-Hotel-Ravnjak-Logo.png\",\"contentUrl\":\"https:\\\/\\\/hotelravnjak.com\\\/wp-content\\\/uploads\\\/2025\\\/05\\\/cropped-Hotel-Ravnjak-Logo.png\",\"width\":2036,\"height\":986,\"caption\":\"Hotel Ravnjak\"},\"image\":{\"@id\":\"https:\\\/\\\/hotelravnjak.com\\\/fr\\\/#\\\/schema\\\/logo\\\/image\\\/\"},\"sameAs\":[\"https:\\\/\\\/www.facebook.com\\\/hotelravnjak\",\"https:\\\/\\\/www.instagram.com\\\/hotelravnjak\\\/\",\"https:\\\/\\\/www.instagram.com\\\/montenegrotaracanyon\\\/\"]}]}<\/script>\n<!-- \/ Yoast SEO plugin. -->","yoast_head_json":{"title":"Contact - Hotel Ravnjak","robots":{"index":"index","follow":"follow","max-snippet":"max-snippet:-1","max-image-preview":"max-image-preview:large","max-video-preview":"max-video-preview:-1"},"canonical":"https:\/\/hotelravnjak.com\/fr\/contact\/","og_locale":"fr_FR","og_type":"article","og_title":"Contact - Hotel Ravnjak","og_description":"Coordonn\u00e9es Adresse : P4, bistrica, Mont\u00e9n\u00e9gro Num\u00e9ro de t\u00e9l\u00e9phone : +382 67 244 417 E-mail : info@hotelravnjak.com Your name Your email Subject Your message","og_url":"https:\/\/hotelravnjak.com\/fr\/contact\/","og_site_name":"Hotel Ravnjak","article_publisher":"https:\/\/www.facebook.com\/hotelravnjak","article_modified_time":"2025-11-02T16:44:43+00:00","twitter_card":"summary_large_image","twitter_misc":{"Dur\u00e9e de lecture estim\u00e9e":"1 minute"},"schema":{"@context":"https:\/\/schema.org","@graph":[{"@type":"WebPage","@id":"https:\/\/hotelravnjak.com\/fr\/contact\/","url":"https:\/\/hotelravnjak.com\/fr\/contact\/","name":"Contact - Hotel Ravnjak","isPartOf":{"@id":"https:\/\/hotelravnjak.com\/fr\/#website"},"datePublished":"2023-03-24T06:55:22+00:00","dateModified":"2025-11-02T16:44:43+00:00","breadcrumb":{"@id":"https:\/\/hotelravnjak.com\/fr\/contact\/#breadcrumb"},"inLanguage":"fr-FR","potentialAction":[{"@type":"ReadAction","target":["https:\/\/hotelravnjak.com\/fr\/contact\/"]}]},{"@type":"BreadcrumbList","@id":"https:\/\/hotelravnjak.com\/fr\/contact\/#breadcrumb","itemListElement":[{"@type":"ListItem","position":1,"name":"Home","item":"https:\/\/hotelravnjak.com\/fr\/"},{"@type":"ListItem","position":2,"name":"Contact"}]},{"@type":"WebSite","@id":"https:\/\/hotelravnjak.com\/fr\/#website","url":"https:\/\/hotelravnjak.com\/fr\/","name":"Hotel Ravnjak","description":"A Mountain Retreat Like No Other","publisher":{"@id":"https:\/\/hotelravnjak.com\/fr\/#organization"},"potentialAction":[{"@type":"SearchAction","target":{"@type":"EntryPoint","urlTemplate":"https:\/\/hotelravnjak.com\/fr\/?s={search_term_string}"},"query-input":{"@type":"PropertyValueSpecification","valueRequired":true,"valueName":"search_term_string"}}],"inLanguage":"fr-FR"},{"@type":"Organization","@id":"https:\/\/hotelravnjak.com\/fr\/#organization","name":"Hotel Ravnjak","url":"https:\/\/hotelravnjak.com\/fr\/","logo":{"@type":"ImageObject","inLanguage":"fr-FR","@id":"https:\/\/hotelravnjak.com\/fr\/#\/schema\/logo\/image\/","url":"https:\/\/hotelravnjak.com\/wp-content\/uploads\/2025\/05\/cropped-Hotel-Ravnjak-Logo.png","contentUrl":"https:\/\/hotelravnjak.com\/wp-content\/uploads\/2025\/05\/cropped-Hotel-Ravnjak-Logo.png","width":2036,"height":986,"caption":"Hotel Ravnjak"},"image":{"@id":"https:\/\/hotelravnjak.com\/fr\/#\/schema\/logo\/image\/"},"sameAs":["https:\/\/www.facebook.com\/hotelravnjak","https:\/\/www.instagram.com\/hotelravnjak\/","https:\/\/www.instagram.com\/montenegrotaracanyon\/"]}]}},"_links":{"self":[{"href":"https:\/\/hotelravnjak.com\/fr\/wp-json\/wp\/v2\/pages\/3676","targetHints":{"allow":["GET"]}}],"collection":[{"href":"https:\/\/hotelravnjak.com\/fr\/wp-json\/wp\/v2\/pages"}],"about":[{"href":"https:\/\/hotelravnjak.com\/fr\/wp-json\/wp\/v2\/types\/page"}],"author":[{"embeddable":true,"href":"https:\/\/hotelravnjak.com\/fr\/wp-json\/wp\/v2\/users\/1"}],"replies":[{"embeddable":true,"href":"https:\/\/hotelravnjak.com\/fr\/wp-json\/wp\/v2\/comments?post=3676"}],"version-history":[{"count":3,"href":"https:\/\/hotelravnjak.com\/fr\/wp-json\/wp\/v2\/pages\/3676\/revisions"}],"predecessor-version":[{"id":4085,"href":"https:\/\/hotelravnjak.com\/fr\/wp-json\/wp\/v2\/pages\/3676\/revisions\/4085"}],"wp:attachment":[{"href":"https:\/\/hotelravnjak.com\/fr\/wp-json\/wp\/v2\/media?parent=3676"}],"curies":[{"name":"wp","href":"https:\/\/api.w.org\/{rel}","templated":true}]}}