{"id":3666,"date":"2025-09-28T18:31:53","date_gmt":"2025-09-28T18:31:53","guid":{"rendered":"https:\/\/hotelravnjak.com\/reservations-de-groupe\/"},"modified":"2025-11-02T16:46:25","modified_gmt":"2025-11-02T16:46:25","slug":"reservations-de-groupe","status":"publish","type":"page","link":"https:\/\/hotelravnjak.com\/fr\/reservations-de-groupe\/","title":{"rendered":"R\u00e9servations de groupe"},"content":{"rendered":"\t\t<div data-elementor-type=\"wp-page\" data-elementor-id=\"3666\" class=\"elementor elementor-3666 elementor-2760\">\n\t\t\t\t\t\t<section class=\"elementor-section elementor-top-section elementor-element elementor-element-29247c7 elementor-section-full_width elementor-section-height-default elementor-section-height-default\" data-id=\"29247c7\" data-element_type=\"section\">\n\t\t\t\t\t\t<div class=\"elementor-container elementor-column-gap-no\">\n\t\t\t\t\t<div class=\"elementor-column elementor-col-100 elementor-top-column elementor-element elementor-element-a77be81\" data-id=\"a77be81\" data-element_type=\"column\">\n\t\t\t<div class=\"elementor-widget-wrap\">\n\t\t\t\t\t\t\t<\/div>\n\t\t<\/div>\n\t\t\t\t\t<\/div>\n\t\t<\/section>\n\t\t\t\t<section class=\"elementor-section elementor-top-section elementor-element elementor-element-44764146 elementor-section-full_width elementor-section-height-default elementor-section-height-default\" data-id=\"44764146\" data-element_type=\"section\" data-settings=\"{&quot;background_background&quot;:&quot;classic&quot;}\">\n\t\t\t\t\t\t<div class=\"elementor-container elementor-column-gap-no\">\n\t\t\t\t\t<div class=\"elementor-column elementor-col-50 elementor-top-column elementor-element elementor-element-43c4a1ad\" data-id=\"43c4a1ad\" data-element_type=\"column\" data-settings=\"{&quot;background_background&quot;:&quot;classic&quot;}\">\n\t\t\t<div class=\"elementor-widget-wrap elementor-element-populated\">\n\t\t\t\t\t\t<div class=\"elementor-element elementor-element-2445f4fc elementor-widget elementor-widget-spacer\" data-id=\"2445f4fc\" data-element_type=\"widget\" data-widget_type=\"spacer.default\">\n\t\t\t\t<div class=\"elementor-widget-container\">\n\t\t\t\t\t\t\t<div class=\"elementor-spacer\">\n\t\t\t<div class=\"elementor-spacer-inner\"><\/div>\n\t\t<\/div>\n\t\t\t\t\t\t<\/div>\n\t\t\t\t<\/div>\n\t\t\t\t\t<\/div>\n\t\t<\/div>\n\t\t\t\t<div class=\"elementor-column elementor-col-50 elementor-top-column elementor-element elementor-element-4c1eb2f5\" data-id=\"4c1eb2f5\" data-element_type=\"column\" data-settings=\"{&quot;background_background&quot;:&quot;classic&quot;}\">\n\t\t\t<div class=\"elementor-widget-wrap elementor-element-populated\">\n\t\t\t\t\t\t<div class=\"elementor-element elementor-element-dc7f6c0 elementor-widget elementor-widget-cs_title\" data-id=\"dc7f6c0\" data-element_type=\"widget\" data-widget_type=\"cs_title.default\">\n\t\t\t\t<div class=\"elementor-widget-container\">\n\t\t\t\t\t\n        <div class=\"cs-title-wrap text-center\">\t            <h4 class=\"cs-title\">\n\t                Demander une r\u00e9servation de groupe\t            <\/h4>\t            <div class=\"cs-title-text\">\n\t                <p>Planifiez votre aventure ensemble ! Nos r\u00e9servations de groupe sont parfaites pour les amis, les familles ou les \u00e9quipes qui souhaitent partager une exp\u00e9rience inoubliable dans la nature du Mont\u00e9n\u00e9gro. Profitez de tarifs sp\u00e9ciaux, de voyages sur mesure et de souvenirs cr\u00e9\u00e9s c\u00f4te \u00e0 c\u00f4te.  <\/p>\t            <\/div>        <\/div>\t\t\t\t<\/div>\n\t\t\t\t<\/div>\n\t\t\t\t<div class=\"elementor-element elementor-element-6e09363 elementor-widget elementor-widget-spacer\" data-id=\"6e09363\" data-element_type=\"widget\" data-widget_type=\"spacer.default\">\n\t\t\t\t<div class=\"elementor-widget-container\">\n\t\t\t\t\t\t\t<div class=\"elementor-spacer\">\n\t\t\t<div class=\"elementor-spacer-inner\"><\/div>\n\t\t<\/div>\n\t\t\t\t\t\t<\/div>\n\t\t\t\t<\/div>\n\t\t\t\t<div class=\"elementor-element elementor-element-798ea157 elementor-widget elementor-widget-cs_form_cf7\" data-id=\"798ea157\" data-element_type=\"widget\" data-widget_type=\"cs_form_cf7.default\">\n\t\t\t\t<div class=\"elementor-widget-container\">\n\t\t\t\t\t            <div class=\"cs-form-cf7 placeholder-normal\">\n                <div class=\"cs-form-cf7-wrap\">\n<div class=\"wpcf7 no-js\" id=\"wpcf7-f3876-o1\" lang=\"fr-FR\" dir=\"ltr\" data-wpcf7-id=\"3876\">\n<div class=\"screen-reader-response\"><p role=\"status\" aria-live=\"polite\" aria-atomic=\"true\"><\/p> <ul><\/ul><\/div>\n<form action=\"\/fr\/wp-json\/wp\/v2\/pages\/3666#wpcf7-f3876-o1\" method=\"post\" class=\"wpcf7-form init\" aria-label=\"Formulaire de contact\" novalidate=\"novalidate\" data-status=\"init\">\n<fieldset class=\"hidden-fields-container\"><input type=\"hidden\" name=\"_wpcf7\" value=\"3876\" \/><input type=\"hidden\" name=\"_wpcf7_version\" value=\"6.1.5\" \/><input type=\"hidden\" name=\"_wpcf7_locale\" value=\"fr_FR\" \/><input type=\"hidden\" name=\"_wpcf7_unit_tag\" value=\"wpcf7-f3876-o1\" \/><input type=\"hidden\" name=\"_wpcf7_container_post\" value=\"0\" \/><input type=\"hidden\" name=\"_wpcf7_posted_data_hash\" value=\"\" \/>\n<\/fieldset>\n<p><label> Votre nom :<br \/>\n<span class=\"wpcf7-form-control-wrap\" data-name=\"name-273\"><input size=\"40\" maxlength=\"400\" class=\"wpcf7-form-control wpcf7-text wpcf7-validates-as-required\" aria-required=\"true\" aria-invalid=\"false\" value=\"\" type=\"text\" name=\"name-273\" \/><\/span> <\/label>\n<\/p>\n<p><label> E-mail :<br \/>\n<span class=\"wpcf7-form-control-wrap\" data-name=\"email-896\"><input size=\"40\" maxlength=\"400\" class=\"wpcf7-form-control wpcf7-email wpcf7-validates-as-required wpcf7-text wpcf7-validates-as-email\" aria-required=\"true\" aria-invalid=\"false\" value=\"\" type=\"email\" name=\"email-896\" \/><\/span> <\/label>\n<\/p>\n<p><label> Num\u00e9ro de t\u00e9l\u00e9phone :<br \/>\n<span class=\"wpcf7-form-control-wrap\" data-name=\"phonetext-836\"><input size=\"40\" class=\"wpcf7-form-control wpcf7-phonetext wpcf7-validates-as-required wpcf7-text wpcf7-validates-as-phonetext\" aria-required=\"true\" aria-invalid=\"false\" value=\"\" type=\"text\" name=\"phonetext-836\" \/><input type=\"hidden\" name=\"phonetext-836-country-code\" class=\"wpcf7-phonetext-country-code\" \/><\/span> <\/label>\n<\/p>\n<p><label> Nombre de chambres :<br \/>\n<span class=\"wpcf7-form-control-wrap\" data-name=\"groupbookingroomnumber-835\"><select class=\"wpcf7-form-control wpcf7-select\" aria-invalid=\"false\" name=\"groupbookingroomnumber-835\"><option value=\"\">1<\/option><option value=\"2\">2<\/option><option value=\"3\">3<\/option><option value=\"4\">4<\/option><option value=\"5\">5<\/option><option value=\"6\">6<\/option><option value=\"7\">7<\/option><option value=\"8\">8<\/option><option value=\"9\">9<\/option><option value=\"10\">10<\/option><\/select><\/span> <\/label>\n<\/p>\n<p><label> Arriv\u00e9e :<br \/>\n<span class=\"wpcf7-form-control-wrap\" data-name=\"groupbookingdatepicker-734\"><input class=\"wpcf7-form-control wpcf7-date wpcf7-validates-as-date\" aria-invalid=\"false\" value=\"2026-01-01\" type=\"date\" name=\"groupbookingdatepicker-734\" \/><\/span> <\/label>\n<\/p>\n<p><label> D\u00e9part :<br \/>\n<span class=\"wpcf7-form-control-wrap\" data-name=\"groupbookingdatepicker2-556\"><input class=\"wpcf7-form-control wpcf7-date wpcf7-validates-as-date\" aria-invalid=\"false\" value=\"2026-01-01\" type=\"date\" name=\"groupbookingdatepicker2-556\" \/><\/span> <\/label>\n<\/p>\n<p><label> Adultes :<br \/>\n<span class=\"wpcf7-form-control-wrap\" data-name=\"groupbookingadults-177\"><select class=\"wpcf7-form-control wpcf7-select\" aria-invalid=\"false\" name=\"groupbookingadults-177\"><option value=\"1\">1<\/option><option value=\"2\">2<\/option><option value=\"3\">3<\/option><option value=\"4\">4<\/option><option value=\"5\">5<\/option><option value=\"6\">6<\/option><option value=\"7\">7<\/option><option value=\"8\">8<\/option><option value=\"9\">9<\/option><option value=\"10\">10<\/option><\/select><\/span> <\/label>\n<\/p>\n<p><label> Enfants :<br \/>\n<span class=\"wpcf7-form-control-wrap\" data-name=\"groupbookingcildren-331\"><select class=\"wpcf7-form-control wpcf7-select\" aria-invalid=\"false\" name=\"groupbookingcildren-331\"><option value=\"0\">0<\/option><option value=\"1\">1<\/option><option value=\"2\">2<\/option><option value=\"3\">3<\/option><option value=\"4\">4<\/option><option value=\"5\">5<\/option><option value=\"6\">6<\/option><option value=\"7\">7<\/option><option value=\"8\">8<\/option><option value=\"9\">9<\/option><option value=\"10\">10<\/option><\/select><\/span> <\/label>\n<\/p>\n<p><label> Souhaitez-vous planifier des activit\u00e9s ? :<br \/>\n<span class=\"wpcf7-form-control-wrap\" data-name=\"groupbookingactivities-303\"><select class=\"wpcf7-form-control wpcf7-select\" aria-invalid=\"false\" name=\"groupbookingactivities-303\"><option value=\"Oui !\">Oui !<\/option><option value=\"Non\">Non<\/option><\/select><\/span><br \/>\n<\/label><label> Votre demande de r\u00e9servation :<br \/>\n<span class=\"wpcf7-form-control-wrap\" data-name=\"groupbookingquery-220\"><textarea cols=\"40\" rows=\"10\" maxlength=\"2000\" class=\"wpcf7-form-control wpcf7-textarea wpcf7-validates-as-required\" aria-required=\"true\" aria-invalid=\"false\" name=\"groupbookingquery-220\"><\/textarea><\/span><br \/>\n<input class=\"wpcf7-form-control wpcf7-submit has-spinner\" type=\"submit\" value=\"Envoyer\" \/><\/label>\n<\/p><div class=\"wpcf7-response-output\" aria-hidden=\"true\"><\/div>\n<\/form>\n<\/div>\n<\/div>\n            <\/div>\t\t\t\t<\/div>\n\t\t\t\t<\/div>\n\t\t\t\t<div class=\"elementor-element elementor-element-36722586 elementor-widget elementor-widget-cs_title\" data-id=\"36722586\" data-element_type=\"widget\" data-widget_type=\"cs_title.default\">\n\t\t\t\t<div class=\"elementor-widget-container\">\n\t\t\t\t\t\n        <div class=\"cs-title-wrap\">\t            <h6 class=\"cs-title\">\n\t                Coordonn\u00e9es\t            <\/h6>        <\/div>\t\t\t\t<\/div>\n\t\t\t\t<\/div>\n\t\t\t\t<div class=\"elementor-element elementor-element-781b88fa elementor-widget elementor-widget-cs_list\" data-id=\"781b88fa\" data-element_type=\"widget\" data-widget_type=\"cs_list.default\">\n\t\t\t\t<div class=\"elementor-widget-container\">\n\t\t\t\t\t\n            <ul class=\"cs-list cs-list-type-none with-border\">                <li>                    <span class=\"list-content\">Adresse : P4, bistrica, Mont\u00e9n\u00e9gro<\/span>                <\/li>                <li>                    <span class=\"list-content\">Num\u00e9ro de t\u00e9l\u00e9phone : +382 67 244 417<\/span>                        <a class=\"list-link\" href=\"tel:+31651830418\" aria-label=\"List Item Link\"><\/a>                <\/li>                <li>                    <span class=\"list-content\">E-mail : info@hotelravnjak.com<\/span>                        <a class=\"list-link\" href=\"mailto:info@hotelravnjak.com\" aria-label=\"List Item Link\"><\/a>                <\/li>            <\/ul>\t\t\t\t<\/div>\n\t\t\t\t<\/div>\n\t\t\t\t\t<\/div>\n\t\t<\/div>\n\t\t\t\t\t<\/div>\n\t\t<\/section>\n\t\t<div class=\"elementor-element elementor-element-0e4cfbe e-con-full e-flex e-con e-parent\" data-id=\"0e4cfbe\" data-element_type=\"container\">\n\t\t\t\t<div class=\"elementor-element elementor-element-53a8a12 elementor-widget elementor-widget-html\" data-id=\"53a8a12\" data-element_type=\"widget\" data-widget_type=\"html.default\">\n\t\t\t\t<div class=\"elementor-widget-container\">\n\t\t\t\t\t<iframe src=\"https:\/\/www.google.com\/maps\/embed?pb=!1m18!1m12!1m3!1d3051.463308595478!2d19.411738099999997!3d42.98963599999999!2m3!1f0!2f0!3f0!3m2!1i1024!2i768!4f16!3m3!1m2!1s0x134d67b2e5c9c6ab%3A0xc0c0dfd7129f82c2!2sXCQ6%2BVM5%2C%20P4%2C%20Bistrica%2C%20Montenegro!5e1!3m2!1sen!2sza!4v1747689705374!5m2!1sen!2sza\" width=\"100%\" height=\"450\" style=\"border:0;\" allowfullscreen=\"\" loading=\"lazy\" referrerpolicy=\"no-referrer-when-downgrade\">\n<\/iframe>\n\t\t\t\t<\/div>\n\t\t\t\t<\/div>\n\t\t\t\t<\/div>\n\t\t\t\t<\/div>\n\t\t","protected":false},"excerpt":{"rendered":"<p>Demander une r\u00e9servation de groupe Planifiez votre aventure ensemble ! Nos r\u00e9servations de groupe sont parfaites pour les amis, les familles ou les \u00e9quipes qui souhaitent partager une exp\u00e9rience inoubliable dans la nature du Mont\u00e9n\u00e9gro. Profitez de tarifs sp\u00e9ciaux, de voyages sur mesure et de souvenirs cr\u00e9\u00e9s c\u00f4te \u00e0 c\u00f4te. Your name: Email: Phone Number: &#8230;<\/p>\n","protected":false},"author":3,"featured_media":0,"parent":0,"menu_order":0,"comment_status":"closed","ping_status":"closed","template":"template-wide-content.php","meta":{"cozystay_single_page_hide_site_header":"","cozystay_single_page_site_header_source":"","cozystay_single_page_custom_site_header":"0","cozystay_single_page_custom_sticky_site_header":"0","cozystay_single_page_hide_page_title":"on","cozystay_single_page_header_section_size":"","cozystay_single_page_header_background_color":"","cozystay_single_page_header_background_position_x":"center","cozystay_single_page_header_background_position_y":"center","cozystay_single_page_header_background_size":"cover","cozystay_single_page_header_background_repeat":"off","cozystay_single_page_header_background_scroll":"on","cozystay_single_page_header_text_color":"","cozystay_single_page_header_show_breadcrumb":"","cozystay_single_page_site_footer_hide_main":"","cozystay_single_custom_site_footer_main_source":"","cozystay_single_custom_site_footer_main":"0","cozystay_single_page_site_footer_hide_above":"","cozystay_single_custom_site_footer_above_source":"","cozystay_single_custom_site_footer_above":"0","cozystay_single_page_site_footer_hide_instagram":"","cozystay_single_page_site_footer_hide_bottom":"","cozystay_single_custom_mobile_menu_source":"","cozystay_single_custom_mobile_menu":"0","cozystay_single_custom_mobile_menu_animation":"","cozystay_single_custom_mobile_menu_width":"","cozystay_single_custom_mobile_menu_custom_width":375,"footnotes":""},"class_list":["post-3666","page","type-page","status-publish","hentry"],"yoast_head":"<!-- This site is optimized with the Yoast SEO plugin v27.4 - https:\/\/yoast.com\/product\/yoast-seo-wordpress\/ -->\n<title>R\u00e9servations de groupe - Hotel Ravnjak<\/title>\n<meta name=\"robots\" content=\"index, follow, max-snippet:-1, max-image-preview:large, max-video-preview:-1\" \/>\n<link rel=\"canonical\" href=\"https:\/\/hotelravnjak.com\/fr\/reservations-de-groupe\/\" \/>\n<meta property=\"og:locale\" content=\"fr_FR\" \/>\n<meta property=\"og:type\" content=\"article\" \/>\n<meta property=\"og:title\" content=\"R\u00e9servations de groupe - Hotel Ravnjak\" \/>\n<meta property=\"og:description\" content=\"Demander une r\u00e9servation de groupe Planifiez votre aventure ensemble ! Nos r\u00e9servations de groupe sont parfaites pour les amis, les familles ou les \u00e9quipes qui souhaitent partager une exp\u00e9rience inoubliable dans la nature du Mont\u00e9n\u00e9gro. Profitez de tarifs sp\u00e9ciaux, de voyages sur mesure et de souvenirs cr\u00e9\u00e9s c\u00f4te \u00e0 c\u00f4te. Your name: Email: Phone Number: ...\" \/>\n<meta property=\"og:url\" content=\"https:\/\/hotelravnjak.com\/fr\/reservations-de-groupe\/\" \/>\n<meta property=\"og:site_name\" content=\"Hotel Ravnjak\" \/>\n<meta property=\"article:publisher\" content=\"https:\/\/www.facebook.com\/hotelravnjak\" \/>\n<meta property=\"article:modified_time\" content=\"2025-11-02T16:46:25+00:00\" \/>\n<meta name=\"twitter:card\" content=\"summary_large_image\" \/>\n<meta name=\"twitter:label1\" content=\"Dur\u00e9e de lecture estim\u00e9e\" \/>\n\t<meta name=\"twitter:data1\" content=\"1 minute\" \/>\n<script type=\"application\/ld+json\" class=\"yoast-schema-graph\">{\"@context\":\"https:\\\/\\\/schema.org\",\"@graph\":[{\"@type\":\"WebPage\",\"@id\":\"https:\\\/\\\/hotelravnjak.com\\\/fr\\\/reservations-de-groupe\\\/\",\"url\":\"https:\\\/\\\/hotelravnjak.com\\\/fr\\\/reservations-de-groupe\\\/\",\"name\":\"R\u00e9servations de groupe - Hotel Ravnjak\",\"isPartOf\":{\"@id\":\"https:\\\/\\\/hotelravnjak.com\\\/fr\\\/#website\"},\"datePublished\":\"2025-09-28T18:31:53+00:00\",\"dateModified\":\"2025-11-02T16:46:25+00:00\",\"breadcrumb\":{\"@id\":\"https:\\\/\\\/hotelravnjak.com\\\/fr\\\/reservations-de-groupe\\\/#breadcrumb\"},\"inLanguage\":\"fr-FR\",\"potentialAction\":[{\"@type\":\"ReadAction\",\"target\":[\"https:\\\/\\\/hotelravnjak.com\\\/fr\\\/reservations-de-groupe\\\/\"]}]},{\"@type\":\"BreadcrumbList\",\"@id\":\"https:\\\/\\\/hotelravnjak.com\\\/fr\\\/reservations-de-groupe\\\/#breadcrumb\",\"itemListElement\":[{\"@type\":\"ListItem\",\"position\":1,\"name\":\"Home\",\"item\":\"https:\\\/\\\/hotelravnjak.com\\\/fr\\\/\"},{\"@type\":\"ListItem\",\"position\":2,\"name\":\"R\u00e9servations de groupe\"}]},{\"@type\":\"WebSite\",\"@id\":\"https:\\\/\\\/hotelravnjak.com\\\/fr\\\/#website\",\"url\":\"https:\\\/\\\/hotelravnjak.com\\\/fr\\\/\",\"name\":\"Hotel Ravnjak\",\"description\":\"A Mountain Retreat Like No Other\",\"publisher\":{\"@id\":\"https:\\\/\\\/hotelravnjak.com\\\/fr\\\/#organization\"},\"potentialAction\":[{\"@type\":\"SearchAction\",\"target\":{\"@type\":\"EntryPoint\",\"urlTemplate\":\"https:\\\/\\\/hotelravnjak.com\\\/fr\\\/?s={search_term_string}\"},\"query-input\":{\"@type\":\"PropertyValueSpecification\",\"valueRequired\":true,\"valueName\":\"search_term_string\"}}],\"inLanguage\":\"fr-FR\"},{\"@type\":\"Organization\",\"@id\":\"https:\\\/\\\/hotelravnjak.com\\\/fr\\\/#organization\",\"name\":\"Hotel Ravnjak\",\"url\":\"https:\\\/\\\/hotelravnjak.com\\\/fr\\\/\",\"logo\":{\"@type\":\"ImageObject\",\"inLanguage\":\"fr-FR\",\"@id\":\"https:\\\/\\\/hotelravnjak.com\\\/fr\\\/#\\\/schema\\\/logo\\\/image\\\/\",\"url\":\"https:\\\/\\\/hotelravnjak.com\\\/wp-content\\\/uploads\\\/2025\\\/05\\\/cropped-Hotel-Ravnjak-Logo.png\",\"contentUrl\":\"https:\\\/\\\/hotelravnjak.com\\\/wp-content\\\/uploads\\\/2025\\\/05\\\/cropped-Hotel-Ravnjak-Logo.png\",\"width\":2036,\"height\":986,\"caption\":\"Hotel Ravnjak\"},\"image\":{\"@id\":\"https:\\\/\\\/hotelravnjak.com\\\/fr\\\/#\\\/schema\\\/logo\\\/image\\\/\"},\"sameAs\":[\"https:\\\/\\\/www.facebook.com\\\/hotelravnjak\",\"https:\\\/\\\/www.instagram.com\\\/hotelravnjak\\\/\",\"https:\\\/\\\/www.instagram.com\\\/montenegrotaracanyon\\\/\"]}]}<\/script>\n<!-- \/ Yoast SEO plugin. -->","yoast_head_json":{"title":"R\u00e9servations de groupe - Hotel Ravnjak","robots":{"index":"index","follow":"follow","max-snippet":"max-snippet:-1","max-image-preview":"max-image-preview:large","max-video-preview":"max-video-preview:-1"},"canonical":"https:\/\/hotelravnjak.com\/fr\/reservations-de-groupe\/","og_locale":"fr_FR","og_type":"article","og_title":"R\u00e9servations de groupe - Hotel Ravnjak","og_description":"Demander une r\u00e9servation de groupe Planifiez votre aventure ensemble ! Nos r\u00e9servations de groupe sont parfaites pour les amis, les familles ou les \u00e9quipes qui souhaitent partager une exp\u00e9rience inoubliable dans la nature du Mont\u00e9n\u00e9gro. Profitez de tarifs sp\u00e9ciaux, de voyages sur mesure et de souvenirs cr\u00e9\u00e9s c\u00f4te \u00e0 c\u00f4te. Your name: Email: Phone Number: ...","og_url":"https:\/\/hotelravnjak.com\/fr\/reservations-de-groupe\/","og_site_name":"Hotel Ravnjak","article_publisher":"https:\/\/www.facebook.com\/hotelravnjak","article_modified_time":"2025-11-02T16:46:25+00:00","twitter_card":"summary_large_image","twitter_misc":{"Dur\u00e9e de lecture estim\u00e9e":"1 minute"},"schema":{"@context":"https:\/\/schema.org","@graph":[{"@type":"WebPage","@id":"https:\/\/hotelravnjak.com\/fr\/reservations-de-groupe\/","url":"https:\/\/hotelravnjak.com\/fr\/reservations-de-groupe\/","name":"R\u00e9servations de groupe - Hotel Ravnjak","isPartOf":{"@id":"https:\/\/hotelravnjak.com\/fr\/#website"},"datePublished":"2025-09-28T18:31:53+00:00","dateModified":"2025-11-02T16:46:25+00:00","breadcrumb":{"@id":"https:\/\/hotelravnjak.com\/fr\/reservations-de-groupe\/#breadcrumb"},"inLanguage":"fr-FR","potentialAction":[{"@type":"ReadAction","target":["https:\/\/hotelravnjak.com\/fr\/reservations-de-groupe\/"]}]},{"@type":"BreadcrumbList","@id":"https:\/\/hotelravnjak.com\/fr\/reservations-de-groupe\/#breadcrumb","itemListElement":[{"@type":"ListItem","position":1,"name":"Home","item":"https:\/\/hotelravnjak.com\/fr\/"},{"@type":"ListItem","position":2,"name":"R\u00e9servations de groupe"}]},{"@type":"WebSite","@id":"https:\/\/hotelravnjak.com\/fr\/#website","url":"https:\/\/hotelravnjak.com\/fr\/","name":"Hotel Ravnjak","description":"A Mountain Retreat Like No Other","publisher":{"@id":"https:\/\/hotelravnjak.com\/fr\/#organization"},"potentialAction":[{"@type":"SearchAction","target":{"@type":"EntryPoint","urlTemplate":"https:\/\/hotelravnjak.com\/fr\/?s={search_term_string}"},"query-input":{"@type":"PropertyValueSpecification","valueRequired":true,"valueName":"search_term_string"}}],"inLanguage":"fr-FR"},{"@type":"Organization","@id":"https:\/\/hotelravnjak.com\/fr\/#organization","name":"Hotel Ravnjak","url":"https:\/\/hotelravnjak.com\/fr\/","logo":{"@type":"ImageObject","inLanguage":"fr-FR","@id":"https:\/\/hotelravnjak.com\/fr\/#\/schema\/logo\/image\/","url":"https:\/\/hotelravnjak.com\/wp-content\/uploads\/2025\/05\/cropped-Hotel-Ravnjak-Logo.png","contentUrl":"https:\/\/hotelravnjak.com\/wp-content\/uploads\/2025\/05\/cropped-Hotel-Ravnjak-Logo.png","width":2036,"height":986,"caption":"Hotel Ravnjak"},"image":{"@id":"https:\/\/hotelravnjak.com\/fr\/#\/schema\/logo\/image\/"},"sameAs":["https:\/\/www.facebook.com\/hotelravnjak","https:\/\/www.instagram.com\/hotelravnjak\/","https:\/\/www.instagram.com\/montenegrotaracanyon\/"]}]}},"_links":{"self":[{"href":"https:\/\/hotelravnjak.com\/fr\/wp-json\/wp\/v2\/pages\/3666","targetHints":{"allow":["GET"]}}],"collection":[{"href":"https:\/\/hotelravnjak.com\/fr\/wp-json\/wp\/v2\/pages"}],"about":[{"href":"https:\/\/hotelravnjak.com\/fr\/wp-json\/wp\/v2\/types\/page"}],"author":[{"embeddable":true,"href":"https:\/\/hotelravnjak.com\/fr\/wp-json\/wp\/v2\/users\/3"}],"replies":[{"embeddable":true,"href":"https:\/\/hotelravnjak.com\/fr\/wp-json\/wp\/v2\/comments?post=3666"}],"version-history":[{"count":2,"href":"https:\/\/hotelravnjak.com\/fr\/wp-json\/wp\/v2\/pages\/3666\/revisions"}],"predecessor-version":[{"id":4093,"href":"https:\/\/hotelravnjak.com\/fr\/wp-json\/wp\/v2\/pages\/3666\/revisions\/4093"}],"wp:attachment":[{"href":"https:\/\/hotelravnjak.com\/fr\/wp-json\/wp\/v2\/media?parent=3666"}],"curies":[{"name":"wp","href":"https:\/\/api.w.org\/{rel}","templated":true}]}}